{"id":15,"date":"2018-03-05T16:18:45","date_gmt":"2018-03-05T15:18:45","guid":{"rendered":"http:\/\/shoot-again.com\/index.php\/mesmerize\/"},"modified":"2024-04-03T10:04:50","modified_gmt":"2024-04-03T08:04:50","slug":"mesmerize","status":"publish","type":"page","link":"https:\/\/shoot-again.com\/","title":{"rendered":"Home"},"content":{"rendered":"\t\t<div class=\"elementor elementor-15\">\n\t\t\t<div class=\"elementor-inner\">\n\t\t\t\t<div class=\"elementor-section-wrap\">\n\t\t\t\t\t\t\t<section data-id=\"ad5dfb1\" class=\"elementor-element elementor-element-ad5dfb1 elementor-section-boxed elementor-section-height-default elementor-section-height-default elementor-section elementor-top-section\" data-element_type=\"section\">\n\t\t\t\t\t\t<div class=\"elementor-container elementor-column-gap-default\">\n\t\t\t\t<div class=\"elementor-row\">\n\t\t\t\t<div data-id=\"0dbb904\" class=\"elementor-element elementor-element-0dbb904 elementor-column elementor-col-100 elementor-top-column\" data-element_type=\"column\">\n\t\t\t<div class=\"elementor-column-wrap elementor-element-populated\">\n\t\t\t\t\t<div class=\"elementor-widget-wrap\">\n\t\t\t\t<div data-id=\"4ee9f1d\" class=\"elementor-element elementor-element-4ee9f1d elementor-widget elementor-widget-text-editor\" data-element_type=\"text-editor.default\">\n\t\t\t\t<div class=\"elementor-widget-container\">\n\t\t\t\t\t<div class=\"elementor-text-editor elementor-clearfix\"><h3><span style=\"color: #000000;\">A votre disposition dans l\u2019<b>Aude<\/b>\u00a0entre\u00a0<b>Narbonne\u00a0<\/b>et\u00a0<b>Carcassonne<\/b>, pour mariage, enterrement de vie de gar\u00e7on ou de jeune fille, anniversaire, soir\u00e9e entre amis, comit\u00e9s d\u2019entreprise, g\u00eetes, cin\u00e9ma, spectacle&#8230;\u00a0<\/span><\/h3><\/div>\n\t\t\t\t<\/div>\n\t\t\t\t<\/div>\n\t\t\t\t\t\t<\/div>\n\t\t\t<\/div>\n\t\t<\/div>\n\t\t\t\t\t\t<\/div>\n\t\t\t<\/div>\n\t\t<\/section>\n\t\t\t\t<section data-id=\"0442c83\" class=\"elementor-element elementor-element-0442c83 elementor-section-boxed elementor-section-height-default elementor-section-height-default elementor-section elementor-top-section\" data-element_type=\"section\">\n\t\t\t\t\t\t<div class=\"elementor-container elementor-column-gap-default\">\n\t\t\t\t<div class=\"elementor-row\">\n\t\t\t\t<div data-id=\"e211f92\" class=\"elementor-element elementor-element-e211f92 elementor-column elementor-col-100 elementor-top-column\" data-element_type=\"column\">\n\t\t\t<div class=\"elementor-column-wrap elementor-element-populated\">\n\t\t\t\t\t<div class=\"elementor-widget-wrap\">\n\t\t\t\t<div data-id=\"5b3bfa2\" class=\"elementor-element elementor-element-5b3bfa2 elementor-widget elementor-widget-text-editor\" data-element_type=\"text-editor.default\">\n\t\t\t\t<div class=\"elementor-widget-container\">\n\t\t\t\t\t<div class=\"elementor-text-editor elementor-clearfix\"><h3>\u00a0Nombreux mod\u00e8les de flippers des ann\u00e9es 1960 \u00e0 aujourd&rsquo;hui, bornes d\u2019arcade multi-jeux, babyfoot (Bonzini \/ Stella), jeux de fl\u00e9chettes, billards, jeux de force, air hockey&#8230;<\/h3><h3>Location de flippers aux particuliers pour courte ou longue dur\u00e9e.<br \/>Jeux r\u00e9gl\u00e9s en parties gratuites.<\/h3><h3><b><\/b>Pour toutes demandes n\u2019h\u00e9sitez pas \u00e0 nous contacter , ou venir visiter notre Show room priv\u00e9 sur rendez vous &#8230;<\/h3><h3>T\u00e9l : <span style=\"font-size: 1.25rem; color: #0000ff;\">07-69-82-42-12<\/span><\/h3><h3>11200 Fabrezan \/\/ Aude<\/h3><h3>Mail :\u00a0<a title=\"contact\" href=\"https:\/\/shoot-again.com\/index.php\/contact\/\">info@shoot-again.com<\/a><\/h3><div>\u00a0<\/div><\/div>\n\t\t\t\t<\/div>\n\t\t\t\t<\/div>\n\t\t\t\t\t\t<\/div>\n\t\t\t<\/div>\n\t\t<\/div>\n\t\t\t\t\t\t<\/div>\n\t\t\t<\/div>\n\t\t<\/section>\n\t\t\t\t<section data-id=\"ea21708\" class=\"elementor-element elementor-element-ea21708 elementor-section-boxed elementor-section-height-default elementor-section-height-default elementor-section elementor-top-section\" data-element_type=\"section\">\n\t\t\t\t\t\t<div class=\"elementor-container elementor-column-gap-default\">\n\t\t\t\t<div class=\"elementor-row\">\n\t\t\t\t<div data-id=\"aa9dcd0\" class=\"elementor-element elementor-element-aa9dcd0 elementor-column elementor-col-100 elementor-top-column\" data-element_type=\"column\">\n\t\t\t<div class=\"elementor-column-wrap elementor-element-populated\">\n\t\t\t\t\t<div class=\"elementor-widget-wrap\">\n\t\t\t\t<div data-id=\"ec4a435\" class=\"elementor-element elementor-element-ec4a435 elementor-widget elementor-widget-image-carousel\" data-settings=\"{&quot;slides_to_show&quot;:&quot;5&quot;,&quot;slides_to_scroll&quot;:&quot;5&quot;,&quot;speed&quot;:400,&quot;navigation&quot;:&quot;both&quot;,&quot;pause_on_hover&quot;:&quot;yes&quot;,&quot;autoplay&quot;:&quot;yes&quot;,&quot;autoplay_speed&quot;:5000,&quot;infinite&quot;:&quot;yes&quot;,&quot;direction&quot;:&quot;ltr&quot;}\" data-element_type=\"image-carousel.default\">\n\t\t\t\t<div class=\"elementor-widget-container\">\n\t\t\t\t\t<div class=\"elementor-image-carousel-wrapper elementor-slick-slider\" dir=\"ltr\">\n\t\t\t<div class=\"elementor-image-carousel slick-arrows-inside slick-dots-outside\">\n\t\t\t\t<div class=\"slick-slide\"><figure class=\"slick-slide-inner\"><img decoding=\"async\" class=\"slick-slide-image\" src=\"https:\/\/shoot-again.com\/wp-content\/uploads\/2022\/09\/les-capitoul-gruissan-shoot-again-location-150x150.jpg\" alt=\"team building Capitoul\" \/><\/figure><\/div><div class=\"slick-slide\"><figure class=\"slick-slide-inner\"><img decoding=\"async\" class=\"slick-slide-image\" src=\"https:\/\/shoot-again.com\/wp-content\/uploads\/2019\/12\/chateau-les-carrasse-flipper-location-150x150.jpg\" alt=\"chateau les carrasse flipper location\" \/><\/figure><\/div><div class=\"slick-slide\"><figure class=\"slick-slide-inner\"><img decoding=\"async\" class=\"slick-slide-image\" src=\"https:\/\/shoot-again.com\/wp-content\/uploads\/2019\/12\/shoot-again-location-evenement-carasses-150x150.jpeg\" alt=\"Domaines  Carrasses\" \/><\/figure><\/div><div class=\"slick-slide\"><figure class=\"slick-slide-inner\"><img decoding=\"async\" class=\"slick-slide-image\" src=\"https:\/\/shoot-again.com\/wp-content\/uploads\/2019\/12\/jeux-de-caf\u00e9-pour-evenement-location-150x150.jpeg\" alt=\"jeux de caf\u00e9 pour evenement location\" \/><\/figure><\/div><div class=\"slick-slide\"><figure class=\"slick-slide-inner\"><img decoding=\"async\" class=\"slick-slide-image\" src=\"https:\/\/shoot-again.com\/wp-content\/uploads\/2019\/12\/jardin-de-st-benoit-shoot-again-150x150.jpg\" alt=\"jardin de st benoit shoot again\" \/><\/figure><\/div><div class=\"slick-slide\"><figure class=\"slick-slide-inner\"><img decoding=\"async\" class=\"slick-slide-image\" src=\"https:\/\/shoot-again.com\/wp-content\/uploads\/2019\/12\/proffesseur-de-flipper-concentr\u00e9-150x150.jpg\" alt=\"proffesseur de flipper concentr\u00e9\" \/><\/figure><\/div><div class=\"slick-slide\"><figure class=\"slick-slide-inner\"><img decoding=\"async\" class=\"slick-slide-image\" src=\"https:\/\/shoot-again.com\/wp-content\/uploads\/2022\/09\/table-palet-location-evenement-150x150.jpg\" alt=\"location table palet\" \/><\/figure><\/div><div class=\"slick-slide\"><figure class=\"slick-slide-inner\"><img decoding=\"async\" class=\"slick-slide-image\" src=\"https:\/\/shoot-again.com\/wp-content\/uploads\/2022\/09\/location-aude-flipper-150x150.jpg\" alt=\"location aude flipper\" \/><\/figure><\/div><div class=\"slick-slide\"><figure class=\"slick-slide-inner\"><img decoding=\"async\" class=\"slick-slide-image\" src=\"https:\/\/shoot-again.com\/wp-content\/uploads\/2019\/12\/location-jeux-mariage-150x150.jpg\" alt=\"location jeux mariage\" \/><\/figure><\/div><div class=\"slick-slide\"><figure class=\"slick-slide-inner\"><img decoding=\"async\" class=\"slick-slide-image\" src=\"https:\/\/shoot-again.com\/wp-content\/uploads\/2019\/12\/organisation-concour-de-babyfoot-aude-150x150.jpg\" alt=\"tournoi de bayfoot\" \/><\/figure><\/div><div class=\"slick-slide\"><figure class=\"slick-slide-inner\"><img decoding=\"async\" class=\"slick-slide-image\" src=\"https:\/\/shoot-again.com\/wp-content\/uploads\/2019\/12\/babyfoot-location-aude-1-150x150.jpg\" alt=\"babyfoot location aude\" \/><\/figure><\/div><div class=\"slick-slide\"><figure class=\"slick-slide-inner\"><img decoding=\"async\" class=\"slick-slide-image\" src=\"https:\/\/shoot-again.com\/wp-content\/uploads\/2022\/09\/evenement-ephemere-flipper-babyfoot-table-palet-150x150.jpg\" alt=\"evenement ephemere flipper babyfoot table palet\" \/><\/figure><\/div><div class=\"slick-slide\"><figure class=\"slick-slide-inner\"><img decoding=\"async\" class=\"slick-slide-image\" src=\"https:\/\/shoot-again.com\/wp-content\/uploads\/2022\/09\/location-evenement-flipper-babyfoot-150x150.jpg\" alt=\"location evenement flipper babyfoot\" \/><\/figure><\/div><div class=\"slick-slide\"><figure class=\"slick-slide-inner\"><img decoding=\"async\" class=\"slick-slide-image\" src=\"https:\/\/shoot-again.com\/wp-content\/uploads\/2022\/09\/location-flipper-aude-party-150x150.jpg\" alt=\"location flipper aude party\" \/><\/figure><\/div><div class=\"slick-slide\"><figure class=\"slick-slide-inner\"><img decoding=\"async\" class=\"slick-slide-image\" src=\"https:\/\/shoot-again.com\/wp-content\/uploads\/2022\/09\/flipper-au-capitoul-150x150.jpg\" alt=\"flipper au capitoul\" \/><\/figure><\/div><div class=\"slick-slide\"><figure class=\"slick-slide-inner\"><img decoding=\"async\" class=\"slick-slide-image\" src=\"https:\/\/shoot-again.com\/wp-content\/uploads\/2019\/12\/location-flipper-evenement-150x150.jpg\" alt=\"location flipper evenement\" \/><\/figure><\/div><div class=\"slick-slide\"><figure class=\"slick-slide-inner\"><img decoding=\"async\" class=\"slick-slide-image\" src=\"https:\/\/shoot-again.com\/wp-content\/uploads\/2022\/09\/location-machine-boxer-pour-particulier-150x150.jpg\" alt=\"location boxer\" \/><\/figure><\/div><div class=\"slick-slide\"><figure class=\"slick-slide-inner\"><img decoding=\"async\" class=\"slick-slide-image\" src=\"https:\/\/shoot-again.com\/wp-content\/uploads\/2019\/12\/association-location-flipper-babyfoot-150x150.jpg\" alt=\"association location flipper babyfoot\" \/><\/figure><\/div><div class=\"slick-slide\"><figure class=\"slick-slide-inner\"><img decoding=\"async\" class=\"slick-slide-image\" src=\"https:\/\/shoot-again.com\/wp-content\/uploads\/2019\/12\/restauration-flipper-aude-150x150.jpg\" alt=\"achat flipper\" \/><\/figure><\/div><div class=\"slick-slide\"><figure class=\"slick-slide-inner\"><img decoding=\"async\" class=\"slick-slide-image\" src=\"https:\/\/shoot-again.com\/wp-content\/uploads\/2019\/01\/IMG_20170805_104201-150x150.jpg\" alt=\"IMG_20170805_104201\" \/><\/figure><\/div><div class=\"slick-slide\"><figure class=\"slick-slide-inner\"><img decoding=\"async\" class=\"slick-slide-image\" src=\"https:\/\/shoot-again.com\/wp-content\/uploads\/2019\/12\/ShootAgain-150x150.jpg\" alt=\"&quot;Shoot Again&quot; is one image in a fine-art series of pinball photography titled, &quot;The Game, Reflected&quot; by Kevin Tiell -- http:\/\/kevin.tiell.com\" \/><\/figure><\/div><div class=\"slick-slide\"><figure class=\"slick-slide-inner\"><img decoding=\"async\" class=\"slick-slide-image\" src=\"https:\/\/shoot-again.com\/wp-content\/uploads\/2019\/01\/jack-in-box-location-jeux-150x150.jpg\" alt=\"jack in box location jeux\" \/><\/figure><\/div><div class=\"slick-slide\"><figure class=\"slick-slide-inner\"><img decoding=\"async\" class=\"slick-slide-image\" src=\"https:\/\/shoot-again.com\/wp-content\/uploads\/2019\/12\/location-babyfoot-aude-150x150.jpg\" alt=\"livraison et installation flipper\" \/><\/figure><\/div><div class=\"slick-slide\"><figure class=\"slick-slide-inner\"><img decoding=\"async\" class=\"slick-slide-image\" src=\"https:\/\/shoot-again.com\/wp-content\/uploads\/2019\/01\/flipper-bally-location-150x150.jpg\" alt=\"flipper bally location\" \/><\/figure><\/div><div class=\"slick-slide\"><figure class=\"slick-slide-inner\"><img decoding=\"async\" class=\"slick-slide-image\" src=\"https:\/\/shoot-again.com\/wp-content\/uploads\/2019\/01\/indiana-location-flipper-2-150x150.jpg\" alt=\"indiana location flipper\" \/><\/figure><\/div><div class=\"slick-slide\"><figure class=\"slick-slide-inner\"><img decoding=\"async\" class=\"slick-slide-image\" src=\"https:\/\/shoot-again.com\/wp-content\/uploads\/2019\/01\/evenementiel-location-150x150.jpg\" alt=\"evenementiel location\" \/><\/figure><\/div><div class=\"slick-slide\"><figure class=\"slick-slide-inner\"><img decoding=\"async\" class=\"slick-slide-image\" src=\"https:\/\/shoot-again.com\/wp-content\/uploads\/2019\/01\/IMG_0011-150x150.jpg\" alt=\"bobine flipper\" \/><\/figure><\/div><div class=\"slick-slide\"><figure class=\"slick-slide-inner\"><img decoding=\"async\" class=\"slick-slide-image\" src=\"https:\/\/shoot-again.com\/wp-content\/uploads\/2022\/09\/location-flipper-co-working-150x150.jpg\" alt=\"location flipper co working\" \/><\/figure><\/div><div class=\"slick-slide\"><figure class=\"slick-slide-inner\"><img decoding=\"async\" class=\"slick-slide-image\" src=\"https:\/\/shoot-again.com\/wp-content\/uploads\/2022\/09\/shoot-again-location-pour-evenement-150x150.jpg\" alt=\"shoot again location pour evenement\" \/><\/figure><\/div><div class=\"slick-slide\"><figure class=\"slick-slide-inner\"><img decoding=\"async\" class=\"slick-slide-image\" src=\"https:\/\/shoot-again.com\/wp-content\/uploads\/2022\/09\/les-capitoul-evenement-location-150x150.jpg\" alt=\"les capitoul evenement location\" \/><\/figure><\/div>\t\t\t<\/div>\n\t\t<\/div>\n\t\t\t\t<\/div>\n\t\t\t\t<\/div>\n\t\t\t\t\t\t<\/div>\n\t\t\t<\/div>\n\t\t<\/div>\n\t\t\t\t\t\t<\/div>\n\t\t\t<\/div>\n\t\t<\/section>\n\t\t\t\t<section data-id=\"8311822\" class=\"elementor-element elementor-element-8311822 elementor-section-boxed elementor-section-height-default elementor-section-height-default elementor-section elementor-top-section\" data-element_type=\"section\">\n\t\t\t\t\t\t<div class=\"elementor-container elementor-column-gap-default\">\n\t\t\t\t<div class=\"elementor-row\">\n\t\t\t\t<div data-id=\"64ceda9\" class=\"elementor-element elementor-element-64ceda9 elementor-column elementor-col-50 elementor-top-column\" data-element_type=\"column\">\n\t\t\t<div class=\"elementor-column-wrap elementor-element-populated\">\n\t\t\t\t\t<div class=\"elementor-widget-wrap\">\n\t\t\t\t<div data-id=\"6ecb003\" class=\"elementor-element elementor-element-6ecb003 elementor-widget elementor-widget-image\" data-element_type=\"image.default\">\n\t\t\t\t<div class=\"elementor-widget-container\">\n\t\t\t\t\t<div class=\"elementor-image\">\n\t\t\t\t\t\t\t\t\t\t<img loading=\"lazy\" decoding=\"async\" width=\"225\" height=\"300\" src=\"https:\/\/shoot-again.com\/wp-content\/uploads\/2024\/01\/IMG_1629-225x300.jpg\" class=\"attachment-medium size-medium\" alt=\"\" srcset=\"https:\/\/shoot-again.com\/wp-content\/uploads\/2024\/01\/IMG_1629-225x300.jpg 225w, https:\/\/shoot-again.com\/wp-content\/uploads\/2024\/01\/IMG_1629.jpg 481w\" sizes=\"(max-width: 225px) 100vw, 225px\" \/>\t\t\t\t\t\t\t\t\t\t\t<\/div>\n\t\t\t\t<\/div>\n\t\t\t\t<\/div>\n\t\t\t\t\t\t<\/div>\n\t\t\t<\/div>\n\t\t<\/div>\n\t\t\t\t<div data-id=\"f0c24f3\" class=\"elementor-element elementor-element-f0c24f3 elementor-column elementor-col-50 elementor-top-column\" data-element_type=\"column\">\n\t\t\t<div class=\"elementor-column-wrap elementor-element-populated\">\n\t\t\t\t\t<div class=\"elementor-widget-wrap\">\n\t\t\t\t<div data-id=\"562ee8a\" class=\"elementor-element elementor-element-562ee8a elementor-widget elementor-widget-image\" data-element_type=\"image.default\">\n\t\t\t\t<div class=\"elementor-widget-container\">\n\t\t\t\t\t<div class=\"elementor-image\">\n\t\t\t\t\t\t\t\t\t\t<img loading=\"lazy\" decoding=\"async\" width=\"225\" height=\"300\" src=\"https:\/\/shoot-again.com\/wp-content\/uploads\/2024\/01\/IMG_1553-225x300.jpg\" class=\"attachment-medium size-medium\" alt=\"\" srcset=\"https:\/\/shoot-again.com\/wp-content\/uploads\/2024\/01\/IMG_1553-225x300.jpg 225w, https:\/\/shoot-again.com\/wp-content\/uploads\/2024\/01\/IMG_1553.jpg 481w\" sizes=\"(max-width: 225px) 100vw, 225px\" \/>\t\t\t\t\t\t\t\t\t\t\t<\/div>\n\t\t\t\t<\/div>\n\t\t\t\t<\/div>\n\t\t\t\t\t\t<\/div>\n\t\t\t<\/div>\n\t\t<\/div>\n\t\t\t\t\t\t<\/div>\n\t\t\t<\/div>\n\t\t<\/section>\n\t\t\t\t\t\t<\/div>\n\t\t\t<\/div>\n\t\t<\/div>\n\t\t","protected":false},"excerpt":{"rendered":"<p>A votre disposition dans l\u2019Aude\u00a0entre\u00a0Narbonne\u00a0et\u00a0Carcassonne, pour mariage, enterrement de vie de gar\u00e7on ou de jeune fille, anniversaire, soir\u00e9e entre amis, comit\u00e9s d\u2019entreprise, g\u00eetes, cin\u00e9ma, spectacle&#8230; Nombreux mod\u00e8les de flippers des &#8230;<\/p>\n","protected":false},"author":1,"featured_media":0,"parent":0,"menu_order":1,"comment_status":"closed","ping_status":"closed","template":"template-fullwidth.php","meta":{"_mi_skip_tracking":false,"_exactmetrics_sitenote_active":false,"_exactmetrics_sitenote_note":"","_exactmetrics_sitenote_category":0,"footnotes":""},"_links":{"self":[{"href":"https:\/\/shoot-again.com\/index.php\/wp-json\/wp\/v2\/pages\/15"}],"collection":[{"href":"https:\/\/shoot-again.com\/index.php\/wp-json\/wp\/v2\/pages"}],"about":[{"href":"https:\/\/shoot-again.com\/index.php\/wp-json\/wp\/v2\/types\/page"}],"author":[{"embeddable":true,"href":"https:\/\/shoot-again.com\/index.php\/wp-json\/wp\/v2\/users\/1"}],"replies":[{"embeddable":true,"href":"https:\/\/shoot-again.com\/index.php\/wp-json\/wp\/v2\/comments?post=15"}],"version-history":[{"count":88,"href":"https:\/\/shoot-again.com\/index.php\/wp-json\/wp\/v2\/pages\/15\/revisions"}],"predecessor-version":[{"id":1086,"href":"https:\/\/shoot-again.com\/index.php\/wp-json\/wp\/v2\/pages\/15\/revisions\/1086"}],"wp:attachment":[{"href":"https:\/\/shoot-again.com\/index.php\/wp-json\/wp\/v2\/media?parent=15"}],"curies":[{"name":"wp","href":"https:\/\/api.w.org\/{rel}","templated":true}]}}