{"id":336,"date":"2019-01-04T12:07:07","date_gmt":"2019-01-04T11:07:07","guid":{"rendered":"https:\/\/shoot-again.com\/?page_id=336"},"modified":"2022-05-25T14:39:34","modified_gmt":"2022-05-25T12:39:34","slug":"contact","status":"publish","type":"page","link":"https:\/\/shoot-again.com\/index.php\/contact\/","title":{"rendered":"Contact"},"content":{"rendered":"\t\t<div class=\"elementor elementor-336\">\n\t\t\t<div class=\"elementor-inner\">\n\t\t\t\t<div class=\"elementor-section-wrap\">\n\t\t\t\t\t\t\t<section data-id=\"b065130\" class=\"elementor-element elementor-element-b065130 elementor-section-boxed elementor-section-height-default elementor-section-height-default elementor-section elementor-top-section\" data-element_type=\"section\">\n\t\t\t\t\t\t<div class=\"elementor-container elementor-column-gap-default\">\n\t\t\t\t<div class=\"elementor-row\">\n\t\t\t\t<div data-id=\"a11e85b\" class=\"elementor-element elementor-element-a11e85b elementor-column elementor-col-100 elementor-top-column\" data-element_type=\"column\">\n\t\t\t<div class=\"elementor-column-wrap elementor-element-populated\">\n\t\t\t\t\t<div class=\"elementor-widget-wrap\">\n\t\t\t\t<div data-id=\"a1b86ff\" class=\"elementor-element elementor-element-a1b86ff elementor-widget elementor-widget-text-editor\" data-element_type=\"text-editor.default\">\n\t\t\t\t<div class=\"elementor-widget-container\">\n\t\t\t\t\t<div class=\"elementor-text-editor elementor-clearfix\"><\/div>\n\t\t\t\t<\/div>\n\t\t\t\t<\/div>\n\t\t\t\t<section data-id=\"e546994\" class=\"elementor-element elementor-element-e546994 elementor-section-boxed elementor-section-height-default elementor-section-height-default elementor-section elementor-inner-section\" data-element_type=\"section\">\n\t\t\t\t\t\t<div class=\"elementor-container elementor-column-gap-default\">\n\t\t\t\t<div class=\"elementor-row\">\n\t\t\t\t<div data-id=\"193f5af\" class=\"elementor-element elementor-element-193f5af elementor-column elementor-col-50 elementor-inner-column\" data-element_type=\"column\">\n\t\t\t<div class=\"elementor-column-wrap elementor-element-populated\">\n\t\t\t\t\t<div class=\"elementor-widget-wrap\">\n\t\t\t\t<div data-id=\"76ed5cb\" class=\"elementor-element elementor-element-76ed5cb elementor-widget elementor-widget-text-editor\" data-element_type=\"text-editor.default\">\n\t\t\t\t<div class=\"elementor-widget-container\">\n\t\t\t\t\t<div class=\"elementor-text-editor elementor-clearfix\"><p><span style=\"color: #000000;\">Contact<\/span><\/p><p><span style=\"font-size: 0.875rem; color: #000000;\">SHOOT-AGAIN\u00a0<\/span><\/p><p><span style=\"font-size: 0.875rem; color: #000000;\">Fabrezan (11200)<\/span><\/p><p><span style=\"font-size: 0.875rem; color: #000000;\">T\u00e9l\u00e9phone : 07-69-82-42-12<\/span><br \/><span style=\"color: #000000;\">Rcs:\u00a0 847 633 641 Narbonne\u00a0<\/span><\/p><\/div>\n\t\t\t\t<\/div>\n\t\t\t\t<\/div>\n\t\t\t\t\t\t<\/div>\n\t\t\t<\/div>\n\t\t<\/div>\n\t\t\t\t<div data-id=\"32a6499\" class=\"elementor-element elementor-element-32a6499 elementor-column elementor-col-50 elementor-inner-column\" data-element_type=\"column\">\n\t\t\t<div class=\"elementor-column-wrap elementor-element-populated\">\n\t\t\t\t\t<div class=\"elementor-widget-wrap\">\n\t\t\t\t<div data-id=\"69824b1\" class=\"elementor-element elementor-element-69824b1 elementor-shape-circle elementor-widget elementor-widget-social-icons\" data-element_type=\"social-icons.default\">\n\t\t\t\t<div class=\"elementor-widget-container\">\n\t\t\t\t\t<div class=\"elementor-social-icons-wrapper\">\n\t\t\t\t\t\t\t<a class=\"elementor-icon elementor-social-icon elementor-social-icon-facebook\" href=\"https:\/\/www.facebook.com\/Shoot-again-641106179641926\/\" target=\"_blank\">\n\t\t\t\t\t<span class=\"elementor-screen-only\">Facebook<\/span>\n\t\t\t\t\t<i class=\"fa fa-facebook\"><\/i>\n\t\t\t\t<\/a>\n\t\t\t\t\t\t\t<a class=\"elementor-icon elementor-social-icon elementor-social-icon-instagram\" href=\"\" target=\"_blank\">\n\t\t\t\t\t<span class=\"elementor-screen-only\">Instagram<\/span>\n\t\t\t\t\t<i class=\"fa fa-instagram\"><\/i>\n\t\t\t\t<\/a>\n\t\t\t\t\t<\/div>\n\t\t\t\t<\/div>\n\t\t\t\t<\/div>\n\t\t\t\t\t\t<\/div>\n\t\t\t<\/div>\n\t\t<\/div>\n\t\t\t\t\t\t<\/div>\n\t\t\t<\/div>\n\t\t<\/section>\n\t\t\t\t<div data-id=\"b040b4f\" class=\"elementor-element elementor-element-b040b4f elementor-widget elementor-widget-spacer\" data-element_type=\"spacer.default\">\n\t\t\t\t<div class=\"elementor-widget-container\">\n\t\t\t\t\t<div class=\"elementor-spacer\">\n\t\t\t<div class=\"elementor-spacer-inner\"><\/div>\n\t\t<\/div>\n\t\t\t\t<\/div>\n\t\t\t\t<\/div>\n\t\t\t\t<section data-id=\"52bbf48\" class=\"elementor-element elementor-element-52bbf48 elementor-section-boxed elementor-section-height-default elementor-section-height-default elementor-section elementor-inner-section\" data-element_type=\"section\">\n\t\t\t\t\t\t<div class=\"elementor-container elementor-column-gap-default\">\n\t\t\t\t<div class=\"elementor-row\">\n\t\t\t\t<div data-id=\"88ee720\" class=\"elementor-element elementor-element-88ee720 elementor-column elementor-col-50 elementor-inner-column\" data-element_type=\"column\">\n\t\t\t<div class=\"elementor-column-wrap elementor-element-populated\">\n\t\t\t\t\t<div class=\"elementor-widget-wrap\">\n\t\t\t\t<div data-id=\"1183d78\" class=\"elementor-element elementor-element-1183d78 elementor-widget elementor-widget-content_form_contact\" data-element_type=\"content_form_contact.default\">\n\t\t\t\t<div class=\"elementor-widget-container\">\n\t\t\t<form action=\"https:\/\/shoot-again.com\/wp-admin\/admin-post.php\" method=\"post\" name=\"content-form-1183d78\" id=\"content-form-1183d78\" class=\"ti-cf-module content-form content-form-contact content_form_contact\"><input type=\"hidden\" id=\"_wpnonce_contact\" name=\"_wpnonce_contact\" value=\"dbd3e33610\" \/><input type=\"hidden\" name=\"_wp_http_referer\" value=\"\/index.php\/wp-json\/wp\/v2\/pages\/336\" \/><input type=\"hidden\" name=\"action\" value=\"content_form_submit\" \/><input type=\"hidden\" name=\"form-type\" value=\"contact\" \/><input type=\"hidden\" name=\"form-builder\" value=\"elementor\" \/><input type=\"hidden\" name=\"post-id\" value=\"336\" \/><input type=\"hidden\" name=\"form-id\" value=\"1183d78\" \/><fieldset class=\"content-form-field-text elementor-column elementor-col-\"><label for=\"data[1183d78][name]\" >Nom\/Pr\u00e9nom*<span class=\"required-mark\"> *<\/span><\/label><input type=\"text\" name=\"data[1183d78][name]\" id=\"data[1183d78][name]\" required=\"required\"  placeholder=\"\"><\/fieldset><fieldset class=\"content-form-field-text elementor-column elementor-col-\"><label for=\"data[1183d78][telephone]\" >T\u00e9l\u00e9phone*<span class=\"required-mark\"> *<\/span><\/label><input type=\"text\" name=\"data[1183d78][telephone]\" id=\"data[1183d78][telephone]\" required=\"required\"  placeholder=\"\"><\/fieldset><fieldset class=\"content-form-field-email elementor-column elementor-col-\"><label for=\"data[1183d78][email]\" >Email<span class=\"required-mark\"> *<\/span><\/label><input type=\"text\" name=\"data[1183d78][email]\" id=\"data[1183d78][email]\" required=\"required\"  placeholder=\"\"><\/fieldset><fieldset class=\"content-form-field-number elementor-column elementor-col-\"><label for=\"data[1183d78][phone]\" >Sujet<\/label><input type=\"text\" name=\"data[1183d78][phone]\" id=\"data[1183d78][phone]\"   placeholder=\"\"><\/fieldset><fieldset class=\"content-form-field-textarea elementor-column elementor-col-\"><label for=\"data[1183d78][message]\" >Votre message<span class=\"required-mark\"> *<\/span><\/label><textarea name=\"data[1183d78][message]\" id=\"data[1183d78][message]\"  required=\"required\" placeholder=\"\" cols=\"30\" rows=\"5\"><\/textarea><\/fieldset><fieldset class=\"submit-form contact\"><button type=\"submit\" name=\"submit\"  value=\"submit-contact-1183d78\" class=\"\">Envoyer<\/button><\/fieldset><\/form>\t\t<\/div>\n\t\t\t\t<\/div>\n\t\t\t\t\t\t<\/div>\n\t\t\t<\/div>\n\t\t<\/div>\n\t\t\t\t<div data-id=\"2f7cecf\" class=\"elementor-element elementor-element-2f7cecf elementor-column elementor-col-50 elementor-inner-column\" data-element_type=\"column\">\n\t\t\t<div class=\"elementor-column-wrap elementor-element-populated\">\n\t\t\t\t\t<div class=\"elementor-widget-wrap\">\n\t\t\t\t<div data-id=\"7d9bfa9\" class=\"elementor-element elementor-element-7d9bfa9 elementor-widget elementor-widget-google_maps\" data-element_type=\"google_maps.default\">\n\t\t\t\t<div class=\"elementor-widget-container\">\n\t\t\t<div class=\"elementor-custom-embed\"><iframe frameborder=\"0\" scrolling=\"no\" marginheight=\"0\" marginwidth=\"0\" src=\"https:\/\/maps.google.com\/maps?q=Fabrezan&amp;t=m&amp;z=5&amp;output=embed&amp;iwloc=near\" aria-label=\"Fabrezan\"><\/iframe><\/div>\t\t<\/div>\n\t\t\t\t<\/div>\n\t\t\t\t\t\t<\/div>\n\t\t\t<\/div>\n\t\t<\/div>\n\t\t\t\t\t\t<\/div>\n\t\t\t<\/div>\n\t\t<\/section>\n\t\t\t\t\t\t<\/div>\n\t\t\t<\/div>\n\t\t<\/div>\n\t\t\t\t\t\t<\/div>\n\t\t\t<\/div>\n\t\t<\/section>\n\t\t\t\t\t\t<\/div>\n\t\t\t<\/div>\n\t\t<\/div>\n\t\t","protected":false},"excerpt":{"rendered":"<p>Contact SHOOT-AGAIN\u00a0 Fabrezan (11200) T\u00e9l\u00e9phone : 07-69-82-42-12Rcs:\u00a0 847 633 641 Narbonne\u00a0 Facebook Instagram Nom\/Pr\u00e9nom* T\u00e9l\u00e9phone* Email Sujet Votre message Envoyer<\/p>\n","protected":false},"author":1,"featured_media":0,"parent":0,"menu_order":0,"comment_status":"closed","ping_status":"closed","template":"template-fullwidth.php","meta":{"_mi_skip_tracking":false,"_exactmetrics_sitenote_active":false,"_exactmetrics_sitenote_note":"","_exactmetrics_sitenote_category":0,"footnotes":""},"_links":{"self":[{"href":"https:\/\/shoot-again.com\/index.php\/wp-json\/wp\/v2\/pages\/336"}],"collection":[{"href":"https:\/\/shoot-again.com\/index.php\/wp-json\/wp\/v2\/pages"}],"about":[{"href":"https:\/\/shoot-again.com\/index.php\/wp-json\/wp\/v2\/types\/page"}],"author":[{"embeddable":true,"href":"https:\/\/shoot-again.com\/index.php\/wp-json\/wp\/v2\/users\/1"}],"replies":[{"embeddable":true,"href":"https:\/\/shoot-again.com\/index.php\/wp-json\/wp\/v2\/comments?post=336"}],"version-history":[{"count":19,"href":"https:\/\/shoot-again.com\/index.php\/wp-json\/wp\/v2\/pages\/336\/revisions"}],"predecessor-version":[{"id":976,"href":"https:\/\/shoot-again.com\/index.php\/wp-json\/wp\/v2\/pages\/336\/revisions\/976"}],"wp:attachment":[{"href":"https:\/\/shoot-again.com\/index.php\/wp-json\/wp\/v2\/media?parent=336"}],"curies":[{"name":"wp","href":"https:\/\/api.w.org\/{rel}","templated":true}]}}