{"id":377,"date":"2019-01-04T17:27:07","date_gmt":"2019-01-04T16:27:07","guid":{"rendered":"https:\/\/shoot-again.com\/?page_id=377"},"modified":"2020-11-01T18:12:23","modified_gmt":"2020-11-01T17:12:23","slug":"the-getaway-williams","status":"publish","type":"page","link":"https:\/\/shoot-again.com\/index.php\/the-getaway-williams\/","title":{"rendered":"The Getaway Williams"},"content":{"rendered":"\t\t<div class=\"elementor elementor-377\">\n\t\t\t<div class=\"elementor-inner\">\n\t\t\t\t<div class=\"elementor-section-wrap\">\n\t\t\t\t\t\t\t<section data-id=\"7b4c0793\" class=\"elementor-element elementor-element-7b4c0793 elementor-section-boxed elementor-section-height-default elementor-section-height-default elementor-section elementor-top-section\" data-element_type=\"section\">\n\t\t\t\t\t\t<div class=\"elementor-container elementor-column-gap-default\">\n\t\t\t\t<div class=\"elementor-row\">\n\t\t\t\t<div data-id=\"6b9db61f\" class=\"elementor-element elementor-element-6b9db61f elementor-column elementor-col-100 elementor-top-column\" data-element_type=\"column\">\n\t\t\t<div class=\"elementor-column-wrap elementor-element-populated\">\n\t\t\t\t\t<div class=\"elementor-widget-wrap\">\n\t\t\t\t<div data-id=\"71c3e1ee\" class=\"elementor-element elementor-element-71c3e1ee elementor-widget elementor-widget-text-editor\" data-element_type=\"text-editor.default\">\n\t\t\t\t<div class=\"elementor-widget-container\">\n\t\t\t\t\t<div class=\"elementor-text-editor elementor-clearfix\"><p>Flipper Williams sorti en f\u00e9vrier 1992 et produit \u00e0 13 259 unit\u00e9s, con\u00e7u par Steve Ritchie.<br \/>\u00cates vous pr\u00eat \u00e0 passer \u00e0 la vitesse sup\u00e9rieure en d\u00e9clenchant le super chargeur !!<br \/>Les missions sont rapides et agr\u00e9ables.Le jackpot lumineux accompagn\u00e9 du son (ZZ Top) est tout simplement magnifique.<br \/>Tout pour plaire avec son multibille et son video mode, c\u2019est aussi un d\u00e9fi pour les joueurs exp\u00e9riment\u00e9s.<\/p><p><span style=\"color: #000000;\">\u00a0<\/span><\/p><\/div>\n\t\t\t\t<\/div>\n\t\t\t\t<\/div>\n\t\t\t\t\t\t<\/div>\n\t\t\t<\/div>\n\t\t<\/div>\n\t\t\t\t\t\t<\/div>\n\t\t\t<\/div>\n\t\t<\/section>\n\t\t\t\t<section data-id=\"44e2978\" class=\"elementor-element elementor-element-44e2978 elementor-section-boxed elementor-section-height-default elementor-section-height-default elementor-section elementor-top-section\" data-element_type=\"section\">\n\t\t\t\t\t\t<div class=\"elementor-container elementor-column-gap-default\">\n\t\t\t\t<div class=\"elementor-row\">\n\t\t\t\t<div data-id=\"be3753f\" class=\"elementor-element elementor-element-be3753f elementor-column elementor-col-100 elementor-top-column\" data-element_type=\"column\">\n\t\t\t<div class=\"elementor-column-wrap elementor-element-populated\">\n\t\t\t\t\t<div class=\"elementor-widget-wrap\">\n\t\t\t\t<div data-id=\"a693c0b\" class=\"elementor-element elementor-element-a693c0b gallery-spacing-custom elementor-widget elementor-widget-image-gallery\" data-element_type=\"image-gallery.default\">\n\t\t\t\t<div class=\"elementor-widget-container\">\n\t\t\t\t\t<div class=\"elementor-image-gallery\">\n\t\t\t<div id='gallery-1' class='gallery galleryid-377 gallery-columns-5 gallery-size-rpg_gallery_thumb'><figure class='gallery-item'>\n\t\t\t<div class='gallery-icon portrait'>\n\t\t\t\t<a data-elementor-open-lightbox=\"default\" data-elementor-lightbox-slideshow=\"a693c0b\" href='https:\/\/shoot-again.com\/wp-content\/uploads\/2020\/11\/restauration-flipper-aude.jpg'><img loading=\"lazy\" decoding=\"async\" width=\"150\" height=\"150\" src=\"https:\/\/shoot-again.com\/wp-content\/uploads\/2020\/11\/restauration-flipper-aude-150x150.jpg\" class=\"attachment-rpg_gallery_thumb size-rpg_gallery_thumb\" alt=\"\" srcset=\"https:\/\/shoot-again.com\/wp-content\/uploads\/2020\/11\/restauration-flipper-aude-150x150.jpg 150w, https:\/\/shoot-again.com\/wp-content\/uploads\/2020\/11\/restauration-flipper-aude-300x300.jpg 300w, https:\/\/shoot-again.com\/wp-content\/uploads\/2020\/11\/restauration-flipper-aude-100x100.jpg 100w\" sizes=\"(max-width: 150px) 100vw, 150px\" \/><\/a>\n\t\t\t<\/div><\/figure><figure class='gallery-item'>\n\t\t\t<div class='gallery-icon portrait'>\n\t\t\t\t<a data-elementor-open-lightbox=\"default\" data-elementor-lightbox-slideshow=\"a693c0b\" href='https:\/\/shoot-again.com\/wp-content\/uploads\/2020\/11\/renovation-flipper-location-.jpg'><img loading=\"lazy\" decoding=\"async\" width=\"150\" height=\"150\" src=\"https:\/\/shoot-again.com\/wp-content\/uploads\/2020\/11\/renovation-flipper-location--150x150.jpg\" class=\"attachment-rpg_gallery_thumb size-rpg_gallery_thumb\" alt=\"\" srcset=\"https:\/\/shoot-again.com\/wp-content\/uploads\/2020\/11\/renovation-flipper-location--150x150.jpg 150w, https:\/\/shoot-again.com\/wp-content\/uploads\/2020\/11\/renovation-flipper-location--300x300.jpg 300w, https:\/\/shoot-again.com\/wp-content\/uploads\/2020\/11\/renovation-flipper-location--100x100.jpg 100w\" sizes=\"(max-width: 150px) 100vw, 150px\" \/><\/a>\n\t\t\t<\/div><\/figure><figure class='gallery-item'>\n\t\t\t<div class='gallery-icon portrait'>\n\t\t\t\t<a data-elementor-open-lightbox=\"default\" data-elementor-lightbox-slideshow=\"a693c0b\" href='https:\/\/shoot-again.com\/wp-content\/uploads\/2020\/11\/location-flipper-getaway.jpg'><img loading=\"lazy\" decoding=\"async\" width=\"150\" height=\"150\" src=\"https:\/\/shoot-again.com\/wp-content\/uploads\/2020\/11\/location-flipper-getaway-150x150.jpg\" class=\"attachment-rpg_gallery_thumb size-rpg_gallery_thumb\" alt=\"\" srcset=\"https:\/\/shoot-again.com\/wp-content\/uploads\/2020\/11\/location-flipper-getaway-150x150.jpg 150w, https:\/\/shoot-again.com\/wp-content\/uploads\/2020\/11\/location-flipper-getaway-300x300.jpg 300w, https:\/\/shoot-again.com\/wp-content\/uploads\/2020\/11\/location-flipper-getaway-100x100.jpg 100w\" sizes=\"(max-width: 150px) 100vw, 150px\" \/><\/a>\n\t\t\t<\/div><\/figure><figure class='gallery-item'>\n\t\t\t<div class='gallery-icon portrait'>\n\t\t\t\t<a data-elementor-open-lightbox=\"default\" data-elementor-lightbox-slideshow=\"a693c0b\" href='https:\/\/shoot-again.com\/wp-content\/uploads\/2020\/11\/louer-un-flipper.jpg'><img loading=\"lazy\" decoding=\"async\" width=\"150\" height=\"150\" src=\"https:\/\/shoot-again.com\/wp-content\/uploads\/2020\/11\/louer-un-flipper-150x150.jpg\" class=\"attachment-rpg_gallery_thumb size-rpg_gallery_thumb\" alt=\"\" srcset=\"https:\/\/shoot-again.com\/wp-content\/uploads\/2020\/11\/louer-un-flipper-150x150.jpg 150w, https:\/\/shoot-again.com\/wp-content\/uploads\/2020\/11\/louer-un-flipper-300x300.jpg 300w, https:\/\/shoot-again.com\/wp-content\/uploads\/2020\/11\/louer-un-flipper-100x100.jpg 100w\" sizes=\"(max-width: 150px) 100vw, 150px\" \/><\/a>\n\t\t\t<\/div><\/figure><figure class='gallery-item'>\n\t\t\t<div class='gallery-icon landscape'>\n\t\t\t\t<a data-elementor-open-lightbox=\"default\" data-elementor-lightbox-slideshow=\"a693c0b\" href='https:\/\/shoot-again.com\/wp-content\/uploads\/2020\/11\/location-evenement-aude.jpg'><img loading=\"lazy\" decoding=\"async\" width=\"150\" height=\"150\" src=\"https:\/\/shoot-again.com\/wp-content\/uploads\/2020\/11\/location-evenement-aude-150x150.jpg\" class=\"attachment-rpg_gallery_thumb size-rpg_gallery_thumb\" alt=\"\" srcset=\"https:\/\/shoot-again.com\/wp-content\/uploads\/2020\/11\/location-evenement-aude-150x150.jpg 150w, https:\/\/shoot-again.com\/wp-content\/uploads\/2020\/11\/location-evenement-aude-300x300.jpg 300w, https:\/\/shoot-again.com\/wp-content\/uploads\/2020\/11\/location-evenement-aude-100x100.jpg 100w\" sizes=\"(max-width: 150px) 100vw, 150px\" \/><\/a>\n\t\t\t<\/div><\/figure>\n\t\t<\/div>\n\t\t<\/div>\n\t\t\t\t<\/div>\n\t\t\t\t<\/div>\n\t\t\t\t\t\t<\/div>\n\t\t\t<\/div>\n\t\t<\/div>\n\t\t\t\t\t\t<\/div>\n\t\t\t<\/div>\n\t\t<\/section>\n\t\t\t\t\t\t<\/div>\n\t\t\t<\/div>\n\t\t<\/div>\n\t\t","protected":false},"excerpt":{"rendered":"<p>Flipper Williams sorti en f\u00e9vrier 1992 et produit \u00e0 13 259 unit\u00e9s, con\u00e7u par Steve Ritchie.\u00cates vous pr\u00eat \u00e0 passer \u00e0 la vitesse sup\u00e9rieure en d\u00e9clenchant le super chargeur !!Les &#8230;<\/p>\n","protected":false},"author":1,"featured_media":0,"parent":0,"menu_order":0,"comment_status":"closed","ping_status":"closed","template":"template-fullwidth.php","meta":{"_mi_skip_tracking":false,"_exactmetrics_sitenote_active":false,"_exactmetrics_sitenote_note":"","_exactmetrics_sitenote_category":0,"footnotes":""},"_links":{"self":[{"href":"https:\/\/shoot-again.com\/index.php\/wp-json\/wp\/v2\/pages\/377"}],"collection":[{"href":"https:\/\/shoot-again.com\/index.php\/wp-json\/wp\/v2\/pages"}],"about":[{"href":"https:\/\/shoot-again.com\/index.php\/wp-json\/wp\/v2\/types\/page"}],"author":[{"embeddable":true,"href":"https:\/\/shoot-again.com\/index.php\/wp-json\/wp\/v2\/users\/1"}],"replies":[{"embeddable":true,"href":"https:\/\/shoot-again.com\/index.php\/wp-json\/wp\/v2\/comments?post=377"}],"version-history":[{"count":6,"href":"https:\/\/shoot-again.com\/index.php\/wp-json\/wp\/v2\/pages\/377\/revisions"}],"predecessor-version":[{"id":875,"href":"https:\/\/shoot-again.com\/index.php\/wp-json\/wp\/v2\/pages\/377\/revisions\/875"}],"wp:attachment":[{"href":"https:\/\/shoot-again.com\/index.php\/wp-json\/wp\/v2\/media?parent=377"}],"curies":[{"name":"wp","href":"https:\/\/api.w.org\/{rel}","templated":true}]}}