{"id":385,"date":"2019-01-04T17:30:10","date_gmt":"2019-01-04T16:30:10","guid":{"rendered":"https:\/\/shoot-again.com\/?page_id=385"},"modified":"2019-01-10T11:16:40","modified_gmt":"2019-01-10T10:16:40","slug":"white-water-williams","status":"publish","type":"page","link":"https:\/\/shoot-again.com\/index.php\/white-water-williams\/","title":{"rendered":"White Water Williams"},"content":{"rendered":"<p><span style=\"color: #000000;\">Flipper williams sorti en janvier 1993 et produit \u00e0 7 008 unit\u00e9s, con\u00e7u par Dennis Nordman, restaur\u00e9 par Shoot-again.<br \/>\nNous vous proposons un tour de rafting au milieu des eaux blanches du Wet Willie&rsquo;s River Ranch. Un plateau exceptionnel.<br \/>\nSimple \u00e0 comprendre, mais difficile \u00e0 ma\u00eetriser.<br \/>\nR\u00e9veillez le Big Foot.<br \/>\nUn jeu avec multibille et jackpot qui a fait c&rsquo;est preuve&#8230;<br \/>\n<\/span><\/p>\n","protected":false},"excerpt":{"rendered":"<p>Flipper williams sorti en janvier 1993 et produit \u00e0 7 008 unit\u00e9s, con\u00e7u par Dennis Nordman, restaur\u00e9 par Shoot-again. Nous vous proposons un tour de rafting au milieu des eaux &#8230;<\/p>\n","protected":false},"author":1,"featured_media":0,"parent":0,"menu_order":0,"comment_status":"closed","ping_status":"closed","template":"template-fullwidth.php","meta":{"_mi_skip_tracking":false,"_exactmetrics_sitenote_active":false,"_exactmetrics_sitenote_note":"","_exactmetrics_sitenote_category":0,"footnotes":""},"_links":{"self":[{"href":"https:\/\/shoot-again.com\/index.php\/wp-json\/wp\/v2\/pages\/385"}],"collection":[{"href":"https:\/\/shoot-again.com\/index.php\/wp-json\/wp\/v2\/pages"}],"about":[{"href":"https:\/\/shoot-again.com\/index.php\/wp-json\/wp\/v2\/types\/page"}],"author":[{"embeddable":true,"href":"https:\/\/shoot-again.com\/index.php\/wp-json\/wp\/v2\/users\/1"}],"replies":[{"embeddable":true,"href":"https:\/\/shoot-again.com\/index.php\/wp-json\/wp\/v2\/comments?post=385"}],"version-history":[{"count":3,"href":"https:\/\/shoot-again.com\/index.php\/wp-json\/wp\/v2\/pages\/385\/revisions"}],"predecessor-version":[{"id":574,"href":"https:\/\/shoot-again.com\/index.php\/wp-json\/wp\/v2\/pages\/385\/revisions\/574"}],"wp:attachment":[{"href":"https:\/\/shoot-again.com\/index.php\/wp-json\/wp\/v2\/media?parent=385"}],"curies":[{"name":"wp","href":"https:\/\/api.w.org\/{rel}","templated":true}]}}