{"id":400,"date":"2019-01-04T18:21:36","date_gmt":"2019-01-04T17:21:36","guid":{"rendered":"https:\/\/shoot-again.com\/?page_id=400"},"modified":"2019-01-16T14:16:53","modified_gmt":"2019-01-16T13:16:53","slug":"harlem-globetrotters","status":"publish","type":"page","link":"https:\/\/shoot-again.com\/index.php\/harlem-globetrotters\/","title":{"rendered":"Harlem Globetrotters"},"content":{"rendered":"\t\t<div class=\"elementor elementor-400\">\n\t\t\t<div class=\"elementor-inner\">\n\t\t\t\t<div class=\"elementor-section-wrap\">\n\t\t\t\t\t\t\t<section data-id=\"4f5a48df\" class=\"elementor-element elementor-element-4f5a48df elementor-section-boxed elementor-section-height-default elementor-section-height-default elementor-section elementor-top-section\" data-element_type=\"section\">\n\t\t\t\t\t\t<div class=\"elementor-container elementor-column-gap-default\">\n\t\t\t\t<div class=\"elementor-row\">\n\t\t\t\t<div data-id=\"36279cba\" class=\"elementor-element elementor-element-36279cba elementor-column elementor-col-100 elementor-top-column\" data-element_type=\"column\">\n\t\t\t<div class=\"elementor-column-wrap elementor-element-populated\">\n\t\t\t\t\t<div class=\"elementor-widget-wrap\">\n\t\t\t\t<div data-id=\"62e42c61\" class=\"elementor-element elementor-element-62e42c61 elementor-widget elementor-widget-text-editor\" data-element_type=\"text-editor.default\">\n\t\t\t\t<div class=\"elementor-widget-container\">\n\t\t\t\t\t<div class=\"elementor-text-editor elementor-clearfix\"><p><span style=\"color: #000000;\">Flipper Bally sorti en septembre 1979 et produit \u00e0 14 550 unit\u00e9s, con\u00e7u par Greg Kmiec, restaur\u00e9 par Shoot-again.<br \/>Les Harlem Globetrotters \u00e9taient une \u00e9quipe de basket tr\u00e8s populaire et talentueuse. Ce flipper leur rend un grand hommage. Retrouvez l&rsquo;ambiance des ann\u00e9es 80.<br \/>Flipper enti\u00e8rement restaur\u00e9 de la caisse au plateau vernis en passant par l\u2019\u00e9lectronique. Une tr\u00e8s belle pi\u00e8ce.<br \/>Pas de multibille, mais on reste bien accro.\u00a0<\/span><\/p><\/div>\n\t\t\t\t<\/div>\n\t\t\t\t<\/div>\n\t\t\t\t\t\t<\/div>\n\t\t\t<\/div>\n\t\t<\/div>\n\t\t\t\t\t\t<\/div>\n\t\t\t<\/div>\n\t\t<\/section>\n\t\t\t\t<section data-id=\"e1e0940\" class=\"elementor-element elementor-element-e1e0940 elementor-section-boxed elementor-section-height-default elementor-section-height-default elementor-section elementor-top-section\" data-element_type=\"section\">\n\t\t\t\t\t\t<div class=\"elementor-container elementor-column-gap-default\">\n\t\t\t\t<div class=\"elementor-row\">\n\t\t\t\t<div data-id=\"4b92f44\" class=\"elementor-element elementor-element-4b92f44 elementor-column elementor-col-100 elementor-top-column\" data-element_type=\"column\">\n\t\t\t<div class=\"elementor-column-wrap elementor-element-populated\">\n\t\t\t\t\t<div class=\"elementor-widget-wrap\">\n\t\t\t\t<div data-id=\"d07e70f\" class=\"elementor-element elementor-element-d07e70f elementor-widget elementor-widget-image-gallery\" data-element_type=\"image-gallery.default\">\n\t\t\t\t<div class=\"elementor-widget-container\">\n\t\t\t\t\t<div class=\"elementor-image-gallery\">\n\t\t\t<div id='gallery-1' class='gallery galleryid-400 gallery-columns-5 gallery-size-thumbnail'><figure class='gallery-item'>\n\t\t\t<div class='gallery-icon portrait'>\n\t\t\t\t<a data-elementor-open-lightbox=\"default\" data-elementor-lightbox-slideshow=\"d07e70f\" href='https:\/\/shoot-again.com\/wp-content\/uploads\/2019\/01\/harlem-restauration-flipper.jpg'><img loading=\"lazy\" decoding=\"async\" width=\"150\" height=\"150\" src=\"https:\/\/shoot-again.com\/wp-content\/uploads\/2019\/01\/harlem-restauration-flipper-150x150.jpg\" class=\"attachment-thumbnail size-thumbnail\" alt=\"\" srcset=\"https:\/\/shoot-again.com\/wp-content\/uploads\/2019\/01\/harlem-restauration-flipper-150x150.jpg 150w, https:\/\/shoot-again.com\/wp-content\/uploads\/2019\/01\/harlem-restauration-flipper-300x300.jpg 300w, https:\/\/shoot-again.com\/wp-content\/uploads\/2019\/01\/harlem-restauration-flipper-100x100.jpg 100w\" sizes=\"(max-width: 150px) 100vw, 150px\" \/><\/a>\n\t\t\t<\/div><\/figure><figure class='gallery-item'>\n\t\t\t<div class='gallery-icon portrait'>\n\t\t\t\t<a data-elementor-open-lightbox=\"default\" data-elementor-lightbox-slideshow=\"d07e70f\" href='https:\/\/shoot-again.com\/wp-content\/uploads\/2019\/01\/jeux-pour-evenmentiel.jpg'><img loading=\"lazy\" decoding=\"async\" width=\"150\" height=\"150\" src=\"https:\/\/shoot-again.com\/wp-content\/uploads\/2019\/01\/jeux-pour-evenmentiel-150x150.jpg\" class=\"attachment-thumbnail size-thumbnail\" alt=\"\" srcset=\"https:\/\/shoot-again.com\/wp-content\/uploads\/2019\/01\/jeux-pour-evenmentiel-150x150.jpg 150w, https:\/\/shoot-again.com\/wp-content\/uploads\/2019\/01\/jeux-pour-evenmentiel-300x300.jpg 300w, https:\/\/shoot-again.com\/wp-content\/uploads\/2019\/01\/jeux-pour-evenmentiel-100x100.jpg 100w\" sizes=\"(max-width: 150px) 100vw, 150px\" \/><\/a>\n\t\t\t<\/div><\/figure><figure class='gallery-item'>\n\t\t\t<div class='gallery-icon portrait'>\n\t\t\t\t<a data-elementor-open-lightbox=\"default\" data-elementor-lightbox-slideshow=\"d07e70f\" href='https:\/\/shoot-again.com\/wp-content\/uploads\/2019\/01\/harlem-globtrotter-location-jeux.jpg'><img loading=\"lazy\" decoding=\"async\" width=\"150\" height=\"150\" src=\"https:\/\/shoot-again.com\/wp-content\/uploads\/2019\/01\/harlem-globtrotter-location-jeux-150x150.jpg\" class=\"attachment-thumbnail size-thumbnail\" alt=\"\" srcset=\"https:\/\/shoot-again.com\/wp-content\/uploads\/2019\/01\/harlem-globtrotter-location-jeux-150x150.jpg 150w, https:\/\/shoot-again.com\/wp-content\/uploads\/2019\/01\/harlem-globtrotter-location-jeux-300x300.jpg 300w, https:\/\/shoot-again.com\/wp-content\/uploads\/2019\/01\/harlem-globtrotter-location-jeux-100x100.jpg 100w\" sizes=\"(max-width: 150px) 100vw, 150px\" \/><\/a>\n\t\t\t<\/div><\/figure>\n\t\t<\/div>\n\t\t<\/div>\n\t\t\t\t<\/div>\n\t\t\t\t<\/div>\n\t\t\t\t\t\t<\/div>\n\t\t\t<\/div>\n\t\t<\/div>\n\t\t\t\t\t\t<\/div>\n\t\t\t<\/div>\n\t\t<\/section>\n\t\t\t\t\t\t<\/div>\n\t\t\t<\/div>\n\t\t<\/div>\n\t\t","protected":false},"excerpt":{"rendered":"<p>Flipper Bally sorti en septembre 1979 et produit \u00e0 14 550 unit\u00e9s, con\u00e7u par Greg Kmiec, restaur\u00e9 par Shoot-again.Les Harlem Globetrotters \u00e9taient une \u00e9quipe de basket tr\u00e8s populaire et talentueuse. &#8230;<\/p>\n","protected":false},"author":1,"featured_media":0,"parent":0,"menu_order":0,"comment_status":"closed","ping_status":"closed","template":"template-fullwidth.php","meta":{"_mi_skip_tracking":false,"_exactmetrics_sitenote_active":false,"_exactmetrics_sitenote_note":"","_exactmetrics_sitenote_category":0,"footnotes":""},"_links":{"self":[{"href":"https:\/\/shoot-again.com\/index.php\/wp-json\/wp\/v2\/pages\/400"}],"collection":[{"href":"https:\/\/shoot-again.com\/index.php\/wp-json\/wp\/v2\/pages"}],"about":[{"href":"https:\/\/shoot-again.com\/index.php\/wp-json\/wp\/v2\/types\/page"}],"author":[{"embeddable":true,"href":"https:\/\/shoot-again.com\/index.php\/wp-json\/wp\/v2\/users\/1"}],"replies":[{"embeddable":true,"href":"https:\/\/shoot-again.com\/index.php\/wp-json\/wp\/v2\/comments?post=400"}],"version-history":[{"count":5,"href":"https:\/\/shoot-again.com\/index.php\/wp-json\/wp\/v2\/pages\/400\/revisions"}],"predecessor-version":[{"id":672,"href":"https:\/\/shoot-again.com\/index.php\/wp-json\/wp\/v2\/pages\/400\/revisions\/672"}],"wp:attachment":[{"href":"https:\/\/shoot-again.com\/index.php\/wp-json\/wp\/v2\/media?parent=400"}],"curies":[{"name":"wp","href":"https:\/\/api.w.org\/{rel}","templated":true}]}}