{"id":403,"date":"2019-01-04T18:22:28","date_gmt":"2019-01-04T17:22:28","guid":{"rendered":"https:\/\/shoot-again.com\/?page_id=403"},"modified":"2019-01-10T09:44:53","modified_gmt":"2019-01-10T08:44:53","slug":"fire","status":"publish","type":"page","link":"https:\/\/shoot-again.com\/index.php\/fire\/","title":{"rendered":"Fire"},"content":{"rendered":"<p><span style=\"color: #000000;\">Flipper Williams sorti en ao\u00fbt 1987 et produit \u00e0 7 700 unit\u00e9s, con\u00e7u par Barry Oursler.<br \/>\n\u00ab\u00a0Quand tu es chaud, tu es chaud .\u00a0\u00bb<br \/>\nEn cours de restauration.<br \/>\n<\/span><\/p>\n","protected":false},"excerpt":{"rendered":"<p>Flipper Williams sorti en ao\u00fbt 1987 et produit \u00e0 7 700 unit\u00e9s, con\u00e7u par Barry Oursler. \u00ab\u00a0Quand tu es chaud, tu es chaud .\u00a0\u00bb En cours de restauration.<\/p>\n","protected":false},"author":1,"featured_media":0,"parent":0,"menu_order":0,"comment_status":"closed","ping_status":"closed","template":"template-fullwidth.php","meta":{"_mi_skip_tracking":false,"_exactmetrics_sitenote_active":false,"_exactmetrics_sitenote_note":"","_exactmetrics_sitenote_category":0,"footnotes":""},"_links":{"self":[{"href":"https:\/\/shoot-again.com\/index.php\/wp-json\/wp\/v2\/pages\/403"}],"collection":[{"href":"https:\/\/shoot-again.com\/index.php\/wp-json\/wp\/v2\/pages"}],"about":[{"href":"https:\/\/shoot-again.com\/index.php\/wp-json\/wp\/v2\/types\/page"}],"author":[{"embeddable":true,"href":"https:\/\/shoot-again.com\/index.php\/wp-json\/wp\/v2\/users\/1"}],"replies":[{"embeddable":true,"href":"https:\/\/shoot-again.com\/index.php\/wp-json\/wp\/v2\/comments?post=403"}],"version-history":[{"count":5,"href":"https:\/\/shoot-again.com\/index.php\/wp-json\/wp\/v2\/pages\/403\/revisions"}],"predecessor-version":[{"id":547,"href":"https:\/\/shoot-again.com\/index.php\/wp-json\/wp\/v2\/pages\/403\/revisions\/547"}],"wp:attachment":[{"href":"https:\/\/shoot-again.com\/index.php\/wp-json\/wp\/v2\/media?parent=403"}],"curies":[{"name":"wp","href":"https:\/\/api.w.org\/{rel}","templated":true}]}}