{"id":416,"date":"2019-01-04T18:25:08","date_gmt":"2019-01-04T17:25:08","guid":{"rendered":"https:\/\/shoot-again.com\/?page_id=416"},"modified":"2019-01-11T18:35:20","modified_gmt":"2019-01-11T17:35:20","slug":"taxi","status":"publish","type":"page","link":"https:\/\/shoot-again.com\/index.php\/taxi\/","title":{"rendered":"Taxi"},"content":{"rendered":"\t\t<div class=\"elementor elementor-416\">\n\t\t\t<div class=\"elementor-inner\">\n\t\t\t\t<div class=\"elementor-section-wrap\">\n\t\t\t\t\t\t\t<section data-id=\"1a32785\" class=\"elementor-element elementor-element-1a32785 elementor-section-boxed elementor-section-height-default elementor-section-height-default elementor-section elementor-top-section\" data-element_type=\"section\">\n\t\t\t\t\t\t<div class=\"elementor-container elementor-column-gap-default\">\n\t\t\t\t<div class=\"elementor-row\">\n\t\t\t\t<div data-id=\"73c0a2b6\" class=\"elementor-element elementor-element-73c0a2b6 elementor-column elementor-col-100 elementor-top-column\" data-element_type=\"column\">\n\t\t\t<div class=\"elementor-column-wrap elementor-element-populated\">\n\t\t\t\t\t<div class=\"elementor-widget-wrap\">\n\t\t\t\t<div data-id=\"7d8d583f\" class=\"elementor-element elementor-element-7d8d583f elementor-widget elementor-widget-text-editor\" data-element_type=\"text-editor.default\">\n\t\t\t\t<div class=\"elementor-widget-container\">\n\t\t\t\t\t<div class=\"elementor-text-editor elementor-clearfix\"><span style=\"color: #000000;\">Flipper Williams sorti en ao\u00fbt 1988 et produit \u00e0 7 303 unit\u00e9s, con\u00e7u par Mark Ritchie, restaur\u00e9 par Shoot-again.\nHep taxi !! Embarquez Marilyn, Gorbi, Drac, Pin-bot et le P\u00e8re No\u00ebl pour d\u00e9clencher le fameux Jackpot.\nUn concept tr\u00e8s facile \u00e0 comprendre mais tr\u00e8s difficile \u00e0 ma\u00eetriser. Facile \u00e0 approcher par tous les joueurs. Un tr\u00e8s bon jeux des ann\u00e9es 1980.\n<\/span><\/div>\n\t\t\t\t<\/div>\n\t\t\t\t<\/div>\n\t\t\t\t\t\t<\/div>\n\t\t\t<\/div>\n\t\t<\/div>\n\t\t\t\t\t\t<\/div>\n\t\t\t<\/div>\n\t\t<\/section>\n\t\t\t\t\t\t<\/div>\n\t\t\t<\/div>\n\t\t<\/div>\n\t\t","protected":false},"excerpt":{"rendered":"<p>Flipper Williams sorti en ao\u00fbt 1988 et produit \u00e0 7 303 unit\u00e9s, con\u00e7u par Mark Ritchie, restaur\u00e9 par Shoot-again. Hep taxi !! Embarquez Marilyn, Gorbi, Drac, Pin-bot et le P\u00e8re &#8230;<\/p>\n","protected":false},"author":1,"featured_media":0,"parent":0,"menu_order":0,"comment_status":"closed","ping_status":"closed","template":"template-fullwidth.php","meta":{"_mi_skip_tracking":false,"_exactmetrics_sitenote_active":false,"_exactmetrics_sitenote_note":"","_exactmetrics_sitenote_category":0,"footnotes":""},"_links":{"self":[{"href":"https:\/\/shoot-again.com\/index.php\/wp-json\/wp\/v2\/pages\/416"}],"collection":[{"href":"https:\/\/shoot-again.com\/index.php\/wp-json\/wp\/v2\/pages"}],"about":[{"href":"https:\/\/shoot-again.com\/index.php\/wp-json\/wp\/v2\/types\/page"}],"author":[{"embeddable":true,"href":"https:\/\/shoot-again.com\/index.php\/wp-json\/wp\/v2\/users\/1"}],"replies":[{"embeddable":true,"href":"https:\/\/shoot-again.com\/index.php\/wp-json\/wp\/v2\/comments?post=416"}],"version-history":[{"count":5,"href":"https:\/\/shoot-again.com\/index.php\/wp-json\/wp\/v2\/pages\/416\/revisions"}],"predecessor-version":[{"id":596,"href":"https:\/\/shoot-again.com\/index.php\/wp-json\/wp\/v2\/pages\/416\/revisions\/596"}],"wp:attachment":[{"href":"https:\/\/shoot-again.com\/index.php\/wp-json\/wp\/v2\/media?parent=416"}],"curies":[{"name":"wp","href":"https:\/\/api.w.org\/{rel}","templated":true}]}}