{"id":482,"date":"2019-01-08T20:57:02","date_gmt":"2019-01-08T19:57:02","guid":{"rendered":"https:\/\/shoot-again.com\/?page_id=482"},"modified":"2019-01-10T18:35:45","modified_gmt":"2019-01-10T17:35:45","slug":"el-dorado-gottlieb","status":"publish","type":"page","link":"https:\/\/shoot-again.com\/index.php\/el-dorado-gottlieb\/","title":{"rendered":"El &lsquo;Dorado Gottlieb"},"content":{"rendered":"\t\t<div class=\"elementor elementor-482\">\n\t\t\t<div class=\"elementor-inner\">\n\t\t\t\t<div class=\"elementor-section-wrap\">\n\t\t\t\t\t\t\t<section data-id=\"36b1aed6\" class=\"elementor-element elementor-element-36b1aed6 elementor-section-boxed elementor-section-height-default elementor-section-height-default elementor-section elementor-top-section\" data-element_type=\"section\">\n\t\t\t\t\t\t<div class=\"elementor-container elementor-column-gap-default\">\n\t\t\t\t<div class=\"elementor-row\">\n\t\t\t\t<div data-id=\"493a3ec1\" class=\"elementor-element elementor-element-493a3ec1 elementor-column elementor-col-100 elementor-top-column\" data-element_type=\"column\">\n\t\t\t<div class=\"elementor-column-wrap elementor-element-populated\">\n\t\t\t\t\t<div class=\"elementor-widget-wrap\">\n\t\t\t\t<div data-id=\"2a6c843d\" class=\"elementor-element elementor-element-2a6c843d elementor-widget elementor-widget-text-editor\" data-element_type=\"text-editor.default\">\n\t\t\t\t<div class=\"elementor-widget-container\">\n\t\t\t\t\t<div class=\"elementor-text-editor elementor-clearfix\"><span style=\"color: #000000;\">\u00a0<\/span><\/div>\n\t\t\t\t<\/div>\n\t\t\t\t<\/div>\n\t\t\t\t\t\t<\/div>\n\t\t\t<\/div>\n\t\t<\/div>\n\t\t\t\t\t\t<\/div>\n\t\t\t<\/div>\n\t\t<\/section>\n\t\t\t\t<section data-id=\"b4a51f2\" class=\"elementor-element elementor-element-b4a51f2 elementor-section-boxed elementor-section-height-default elementor-section-height-default elementor-section elementor-top-section\" data-element_type=\"section\">\n\t\t\t\t\t\t<div class=\"elementor-container elementor-column-gap-default\">\n\t\t\t\t<div class=\"elementor-row\">\n\t\t\t\t<div data-id=\"0336bc4\" class=\"elementor-element elementor-element-0336bc4 elementor-column elementor-col-100 elementor-top-column\" data-element_type=\"column\">\n\t\t\t<div class=\"elementor-column-wrap elementor-element-populated\">\n\t\t\t\t\t<div class=\"elementor-widget-wrap\">\n\t\t\t\t<div data-id=\"a1db0c2\" class=\"elementor-element elementor-element-a1db0c2 elementor-widget elementor-widget-text-editor\" data-element_type=\"text-editor.default\">\n\t\t\t\t<div class=\"elementor-widget-container\">\n\t\t\t\t\t<div class=\"elementor-text-editor elementor-clearfix\"><p><span style=\"color: #000000;\">Flipper Gottlieb sorti en avril 1975 et produit \u00e0 2 875 unit\u00e9s, con\u00e7u par Ed Krynski<\/span><br \/><span style=\"color: #000000;\">C\u00e9lebre plateau de jeu qui par la suite a \u00e9t\u00e9 utilis\u00e9 sur d&rsquo;autre titre comme le Canada Dry, Target Alpha, Solar City ainsi que l&rsquo;El Dorado version\u00a0<\/span><span style=\"color: #000000;\">system 80.<\/span><\/p><p><span style=\"color: #000000;\">Pour dire le succ\u00e8s de ce type de jeu,l&rsquo;un des grands Gottlieb!<br \/><span style=\"font-size: 0.875rem;\">C&rsquo;est un jeu rapide et addictif,<\/span><span style=\"font-size: 0.875rem;\">\u00a0on ne s&rsquo;ennuie jamais avec.<\/span><\/span><\/p><p>\u00a0<\/p><\/div>\n\t\t\t\t<\/div>\n\t\t\t\t<\/div>\n\t\t\t\t\t\t<\/div>\n\t\t\t<\/div>\n\t\t<\/div>\n\t\t\t\t\t\t<\/div>\n\t\t\t<\/div>\n\t\t<\/section>\n\t\t\t\t\t\t<\/div>\n\t\t\t<\/div>\n\t\t<\/div>\n\t\t","protected":false},"excerpt":{"rendered":"<p>Flipper Gottlieb sorti en avril 1975 et produit \u00e0 2 875 unit\u00e9s, con\u00e7u par Ed Krynski C\u00e9lebre plateau de jeu qui par la suite a \u00e9t\u00e9 utilis\u00e9 sur d&rsquo;autre titre &#8230;<\/p>\n","protected":false},"author":1,"featured_media":0,"parent":0,"menu_order":0,"comment_status":"closed","ping_status":"closed","template":"template-fullwidth.php","meta":{"_mi_skip_tracking":false,"_exactmetrics_sitenote_active":false,"_exactmetrics_sitenote_note":"","_exactmetrics_sitenote_category":0,"footnotes":""},"_links":{"self":[{"href":"https:\/\/shoot-again.com\/index.php\/wp-json\/wp\/v2\/pages\/482"}],"collection":[{"href":"https:\/\/shoot-again.com\/index.php\/wp-json\/wp\/v2\/pages"}],"about":[{"href":"https:\/\/shoot-again.com\/index.php\/wp-json\/wp\/v2\/types\/page"}],"author":[{"embeddable":true,"href":"https:\/\/shoot-again.com\/index.php\/wp-json\/wp\/v2\/users\/1"}],"replies":[{"embeddable":true,"href":"https:\/\/shoot-again.com\/index.php\/wp-json\/wp\/v2\/comments?post=482"}],"version-history":[{"count":7,"href":"https:\/\/shoot-again.com\/index.php\/wp-json\/wp\/v2\/pages\/482\/revisions"}],"predecessor-version":[{"id":587,"href":"https:\/\/shoot-again.com\/index.php\/wp-json\/wp\/v2\/pages\/482\/revisions\/587"}],"wp:attachment":[{"href":"https:\/\/shoot-again.com\/index.php\/wp-json\/wp\/v2\/media?parent=482"}],"curies":[{"name":"wp","href":"https:\/\/api.w.org\/{rel}","templated":true}]}}